{"id":230,"date":"2025-07-09T10:33:13","date_gmt":"2025-07-09T08:33:13","guid":{"rendered":"https:\/\/tucciimport.com\/?page_id=230"},"modified":"2025-07-10T12:12:17","modified_gmt":"2025-07-10T10:12:17","slug":"declaracio-daccesibilitat","status":"publish","type":"page","link":"https:\/\/tucciimport.com\/es\/declaracio-daccesibilitat\/","title":{"rendered":"Declaraci\u00f3 d&#8217;Accesibilitat"},"content":{"rendered":"<div data-elementor-type=\"wp-page\" data-elementor-id=\"230\" class=\"elementor elementor-230\" data-elementor-post-type=\"page\">\n\t\t\t\t<div class=\"elementor-element elementor-element-d6a3399 e-flex e-con-boxed e-con e-parent\" data-id=\"d6a3399\" data-element_type=\"container\" data-settings=\"{&quot;background_background&quot;:&quot;classic&quot;}\">\n\t\t\t\t\t<div class=\"e-con-inner\">\n\t\t\t\t<div class=\"elementor-element elementor-element-354ee64 elementor-widget elementor-widget-heading\" data-id=\"354ee64\" data-element_type=\"widget\" data-widget_type=\"heading.default\">\n\t\t\t\t<div class=\"elementor-widget-container\">\n\t\t\t\t\t<h2 class=\"elementor-heading-title elementor-size-default\">declaraci\u00f3n de accesibilidad<\/h2>\t\t\t\t<\/div>\n\t\t\t\t<\/div>\n\t\t\t\t\t<\/div>\n\t\t\t\t<\/div>\n\t\t<div class=\"elementor-element elementor-element-3aef97b e-flex e-con-boxed e-con e-parent\" data-id=\"3aef97b\" data-element_type=\"container\">\n\t\t\t\t\t<div class=\"e-con-inner\">\n\t\t\t\t<div class=\"elementor-element elementor-element-3fae9f3 elementor-widget elementor-widget-text-editor\" data-id=\"3fae9f3\" data-element_type=\"widget\" data-widget_type=\"text-editor.default\">\n\t\t\t\t<div class=\"elementor-widget-container\">\n\t\t\t\t\t\t\t\t\t<p>La empresa desarrolladora de la web www.tucciimport.com, se ha comprometido a hacer accesible su sitio web de conformidad con el Real Decreto 1112\/2018, de 7 de septiembre, sobre accesibilidad de los sitios web y aplicaciones para dispositivos m\u00f3viles del sector p\u00fablico, o desarrollos financiados desde Europa.<\/p><p>La presente declaraci\u00f3n de accesibilidad se aplica al sitio web www.tucciimport.com excluyendo los contenidos incrustados provenientes de otros dominios.<\/p><h4>SITUACI\u00d3N DE CUMPLIMIENTO<\/h4><p>Este sitio web es Parcialmente conforme con el RD 1112\/2018 debido a la falta de conformidad de los aspectos que se indican a continuaci\u00f3n.<\/p><h4>Contenido no accesible<\/h4><p>El contenido que se recoge a continuaci\u00f3n no es accesible por los siguientes motivos:<\/p><p>Falta de conformidad:<\/p><ul><li>Puede existir algunas alternativas textuales que no sean correctas \u2013 Requisito n\u00famero 9.1.1.1 Contenido no textual de UNE-EN 301549:2022<\/li><li>Podr\u00edan existir fallos puntuales de edici\u00f3n en alguna de las secciones de la p\u00e1gina web.<\/li><li>Carga desproporcionada: no resulta aplicable.<\/li><li>El contenido no entra dentro del \u00e1mbito de la legislaci\u00f3n aplicable.<\/li><\/ul><p>Si desea notificar alg\u00fan problema de accesibilidad puede enviarnos un correo a tuccimport@gmail.com<\/p>\t\t\t\t\t\t\t\t<\/div>\n\t\t\t\t<\/div>\n\t\t\t\t\t<\/div>\n\t\t\t\t<\/div>\n\t\t\t\t<\/div>","protected":false},"excerpt":{"rendered":"<p>declaraci\u00f3n de accesibilidad La empresa desarrolladora de la web www.tucciimport.com, se ha comprometido a hacer accesible su sitio web de conformidad con el Real Decreto 1112\/2018, de 7 de septiembre, sobre accesibilidad de los sitios web y aplicaciones para dispositivos m\u00f3viles del sector p\u00fablico, o desarrollos financiados desde Europa. La presente declaraci\u00f3n de accesibilidad se [&hellip;]<\/p>","protected":false},"author":2,"featured_media":0,"parent":0,"menu_order":0,"comment_status":"closed","ping_status":"closed","template":"elementor_header_footer","meta":{"_joinchat":[],"footnotes":""},"class_list":["post-230","page","type-page","status-publish","hentry"],"yoast_head":"<!-- This site is optimized with the Yoast SEO plugin v25.4 - https:\/\/yoast.com\/wordpress\/plugins\/seo\/ -->\n<title>Declaraci\u00f3 d&#039;Accesibilitat - TucciImport.Com<\/title>\n<meta name=\"robots\" content=\"index, follow, max-snippet:-1, max-image-preview:large, max-video-preview:-1\" \/>\n<link rel=\"canonical\" href=\"https:\/\/tucciimport.com\/es\/declaracio-daccesibilitat\/\" \/>\n<meta property=\"og:locale\" content=\"es_ES\" \/>\n<meta property=\"og:type\" content=\"article\" \/>\n<meta property=\"og:title\" content=\"Declaraci\u00f3 d&#039;Accesibilitat - TucciImport.Com\" \/>\n<meta property=\"og:description\" content=\"declaraci\u00f3n de accesibilidad La empresa desarrolladora de la web www.tucciimport.com, se ha comprometido a hacer accesible su sitio web de conformidad con el Real Decreto 1112\/2018, de 7 de septiembre, sobre accesibilidad de los sitios web y aplicaciones para dispositivos m\u00f3viles del sector p\u00fablico, o desarrollos financiados desde Europa. La presente declaraci\u00f3n de accesibilidad se [&hellip;]\" \/>\n<meta property=\"og:url\" content=\"https:\/\/tucciimport.com\/es\/declaracio-daccesibilitat\/\" \/>\n<meta property=\"og:site_name\" content=\"TucciImport.Com\" \/>\n<meta property=\"article:modified_time\" content=\"2025-07-10T10:12:17+00:00\" \/>\n<meta name=\"twitter:card\" content=\"summary_large_image\" \/>\n<meta name=\"twitter:label1\" content=\"Tiempo de lectura\" \/>\n\t<meta name=\"twitter:data1\" content=\"1 minuto\" \/>\n<script type=\"application\/ld+json\" class=\"yoast-schema-graph\">{\"@context\":\"https:\/\/schema.org\",\"@graph\":[{\"@type\":\"WebPage\",\"@id\":\"https:\/\/tucciimport.com\/declaracio-daccesibilitat\/\",\"url\":\"https:\/\/tucciimport.com\/declaracio-daccesibilitat\/\",\"name\":\"Declaraci\u00f3 d'Accesibilitat - TucciImport.Com\",\"isPartOf\":{\"@id\":\"https:\/\/tucciimport.com\/#website\"},\"datePublished\":\"2025-07-09T08:33:13+00:00\",\"dateModified\":\"2025-07-10T10:12:17+00:00\",\"breadcrumb\":{\"@id\":\"https:\/\/tucciimport.com\/declaracio-daccesibilitat\/#breadcrumb\"},\"inLanguage\":\"es\",\"potentialAction\":[{\"@type\":\"ReadAction\",\"target\":[\"https:\/\/tucciimport.com\/declaracio-daccesibilitat\/\"]}]},{\"@type\":\"BreadcrumbList\",\"@id\":\"https:\/\/tucciimport.com\/declaracio-daccesibilitat\/#breadcrumb\",\"itemListElement\":[{\"@type\":\"ListItem\",\"position\":1,\"name\":\"Portada\",\"item\":\"https:\/\/tucciimport.com\/\"},{\"@type\":\"ListItem\",\"position\":2,\"name\":\"Declaraci\u00f3 d&#8217;Accesibilitat\"}]},{\"@type\":\"WebSite\",\"@id\":\"https:\/\/tucciimport.com\/#website\",\"url\":\"https:\/\/tucciimport.com\/\",\"name\":\"TucciImport.Com\",\"description\":\"\",\"publisher\":{\"@id\":\"https:\/\/tucciimport.com\/#organization\"},\"potentialAction\":[{\"@type\":\"SearchAction\",\"target\":{\"@type\":\"EntryPoint\",\"urlTemplate\":\"https:\/\/tucciimport.com\/?s={search_term_string}\"},\"query-input\":{\"@type\":\"PropertyValueSpecification\",\"valueRequired\":true,\"valueName\":\"search_term_string\"}}],\"inLanguage\":\"es\"},{\"@type\":\"Organization\",\"@id\":\"https:\/\/tucciimport.com\/#organization\",\"name\":\"TucciImport.Com\",\"url\":\"https:\/\/tucciimport.com\/\",\"logo\":{\"@type\":\"ImageObject\",\"inLanguage\":\"es\",\"@id\":\"https:\/\/tucciimport.com\/#\/schema\/logo\/image\/\",\"url\":\"https:\/\/tucciimport.com\/wp-content\/uploads\/2025\/06\/LOGO-TUCCI_page-0001-e1751534213761.jpg\",\"contentUrl\":\"https:\/\/tucciimport.com\/wp-content\/uploads\/2025\/06\/LOGO-TUCCI_page-0001-e1751534213761.jpg\",\"width\":2363,\"height\":685,\"caption\":\"TucciImport.Com\"},\"image\":{\"@id\":\"https:\/\/tucciimport.com\/#\/schema\/logo\/image\/\"}}]}<\/script>\n<!-- \/ Yoast SEO plugin. -->","yoast_head_json":{"title":"Declaraci\u00f3 d'Accesibilitat - TucciImport.Com","robots":{"index":"index","follow":"follow","max-snippet":"max-snippet:-1","max-image-preview":"max-image-preview:large","max-video-preview":"max-video-preview:-1"},"canonical":"https:\/\/tucciimport.com\/es\/declaracio-daccesibilitat\/","og_locale":"es_ES","og_type":"article","og_title":"Declaraci\u00f3 d'Accesibilitat - TucciImport.Com","og_description":"declaraci\u00f3n de accesibilidad La empresa desarrolladora de la web www.tucciimport.com, se ha comprometido a hacer accesible su sitio web de conformidad con el Real Decreto 1112\/2018, de 7 de septiembre, sobre accesibilidad de los sitios web y aplicaciones para dispositivos m\u00f3viles del sector p\u00fablico, o desarrollos financiados desde Europa. La presente declaraci\u00f3n de accesibilidad se [&hellip;]","og_url":"https:\/\/tucciimport.com\/es\/declaracio-daccesibilitat\/","og_site_name":"TucciImport.Com","article_modified_time":"2025-07-10T10:12:17+00:00","twitter_card":"summary_large_image","twitter_misc":{"Tiempo de lectura":"1 minuto"},"schema":{"@context":"https:\/\/schema.org","@graph":[{"@type":"WebPage","@id":"https:\/\/tucciimport.com\/declaracio-daccesibilitat\/","url":"https:\/\/tucciimport.com\/declaracio-daccesibilitat\/","name":"Declaraci\u00f3 d'Accesibilitat - TucciImport.Com","isPartOf":{"@id":"https:\/\/tucciimport.com\/#website"},"datePublished":"2025-07-09T08:33:13+00:00","dateModified":"2025-07-10T10:12:17+00:00","breadcrumb":{"@id":"https:\/\/tucciimport.com\/declaracio-daccesibilitat\/#breadcrumb"},"inLanguage":"es","potentialAction":[{"@type":"ReadAction","target":["https:\/\/tucciimport.com\/declaracio-daccesibilitat\/"]}]},{"@type":"BreadcrumbList","@id":"https:\/\/tucciimport.com\/declaracio-daccesibilitat\/#breadcrumb","itemListElement":[{"@type":"ListItem","position":1,"name":"Portada","item":"https:\/\/tucciimport.com\/"},{"@type":"ListItem","position":2,"name":"Declaraci\u00f3 d&#8217;Accesibilitat"}]},{"@type":"WebSite","@id":"https:\/\/tucciimport.com\/#website","url":"https:\/\/tucciimport.com\/","name":"TucciImport.Com","description":"","publisher":{"@id":"https:\/\/tucciimport.com\/#organization"},"potentialAction":[{"@type":"SearchAction","target":{"@type":"EntryPoint","urlTemplate":"https:\/\/tucciimport.com\/?s={search_term_string}"},"query-input":{"@type":"PropertyValueSpecification","valueRequired":true,"valueName":"search_term_string"}}],"inLanguage":"es"},{"@type":"Organization","@id":"https:\/\/tucciimport.com\/#organization","name":"TucciImport.Com","url":"https:\/\/tucciimport.com\/","logo":{"@type":"ImageObject","inLanguage":"es","@id":"https:\/\/tucciimport.com\/#\/schema\/logo\/image\/","url":"https:\/\/tucciimport.com\/wp-content\/uploads\/2025\/06\/LOGO-TUCCI_page-0001-e1751534213761.jpg","contentUrl":"https:\/\/tucciimport.com\/wp-content\/uploads\/2025\/06\/LOGO-TUCCI_page-0001-e1751534213761.jpg","width":2363,"height":685,"caption":"TucciImport.Com"},"image":{"@id":"https:\/\/tucciimport.com\/#\/schema\/logo\/image\/"}}]}},"_links":{"self":[{"href":"https:\/\/tucciimport.com\/es\/wp-json\/wp\/v2\/pages\/230","targetHints":{"allow":["GET"]}}],"collection":[{"href":"https:\/\/tucciimport.com\/es\/wp-json\/wp\/v2\/pages"}],"about":[{"href":"https:\/\/tucciimport.com\/es\/wp-json\/wp\/v2\/types\/page"}],"author":[{"embeddable":true,"href":"https:\/\/tucciimport.com\/es\/wp-json\/wp\/v2\/users\/2"}],"replies":[{"embeddable":true,"href":"https:\/\/tucciimport.com\/es\/wp-json\/wp\/v2\/comments?post=230"}],"version-history":[{"count":7,"href":"https:\/\/tucciimport.com\/es\/wp-json\/wp\/v2\/pages\/230\/revisions"}],"predecessor-version":[{"id":430,"href":"https:\/\/tucciimport.com\/es\/wp-json\/wp\/v2\/pages\/230\/revisions\/430"}],"wp:attachment":[{"href":"https:\/\/tucciimport.com\/es\/wp-json\/wp\/v2\/media?parent=230"}],"curies":[{"name":"wp","href":"https:\/\/api.w.org\/{rel}","templated":true}]}}